{"id":106,"date":"2024-08-26T13:12:00","date_gmt":"2024-08-26T13:12:00","guid":{"rendered":"https:\/\/nutritioninteligent.com\/?post_type=product&#038;p=106"},"modified":"2024-08-26T13:12:00","modified_gmt":"2024-08-26T13:12:00","slug":"polvo-de-proteinas-herbalife-personalizado","status":"publish","type":"product","link":"https:\/\/nutritioninteligent.com\/index.php\/product\/polvo-de-proteinas-herbalife-personalizado\/","title":{"rendered":"Polvo de prote\u00ednas Herbalife personalizado"},"content":{"rendered":"<h2><strong>Beneficios\u00a0F\u00f3rmula 3 Herbalife<\/strong><\/h2>\n<p>Los polvos f\u00f3rmula 3 tienen una gran cantidad de prote\u00ednas, unos 5-10 gramos por raci\u00f3n, lo cual nos ayudar\u00e1 a tonificar y fortalecer los m\u00fasculos.<\/p>\n<p>Adem\u00e1s, el producto contiene diferentes tipos de prote\u00ednas para completar nuestra dieta y conseguir un equilibrio sano con el que conseguir un mantenimiento eficas de los m\u00fasculos.<\/p>\n<p>Por otro lado, cabe destacar bajo en az\u00facares y que s\u00f3lamente contiene 108 kcal por raci\u00f3n y contiene 5-10 gramos de prote\u00edna que da fuerza e hidratos que dan energ\u00eda.<\/p>\n<p>&nbsp;<\/p>\n<h3><strong>\u00bfC\u00f3mo usar las prote\u00ednas de Herbalife?<\/strong><\/h3>\n<p>Los polvos de prote\u00edna de Herbalife se pueden tomar de muchas formas:<\/p>\n<p>\u201cRecomendado en dieta completa\u201d \u2013&gt; Tomarlas junto con los batidos f\u00f3rmula 1 de Herbalife, mezclando dos cucharadas grandes o soperas (unos 30 gramos) de los polvos con unos 250 ml de agua\u00a0 y otras dos cucharadas del batido F\u00f3rmula uno (otros 30 gramos).<\/p>\n<p>Con otro tipo de bebidas nutritivas, mezcla dos cucharadas (unos 30 gramos) junto con tu bebida nutricional, agua o batido de frutas.<\/p>\n<p>&nbsp;<\/p>\n<h3><strong>\u00bfCu\u00e1ndo es recomendable tomarlo?<\/strong><\/h3>\n<p>Herbalife recomienda a los consumidores beber estas prote\u00ednas a media ma\u00f1ana o media tarde para mantener el cuerpo activo, liberar el hambre de esas horas (en las que mucha gente come comida basura) y conseguir una mejor alimentaci\u00f3n.<\/p>\n<p>&nbsp;<\/p>\n<h2><strong>Valor nutricional\u00a0prote\u00ednas Herbalife<\/strong><\/h2>\n<p>Peso neto 588 gramos de polvos.<\/p>\n<p>Cada raci\u00f3n sugerida 28 gramos.<\/p>\n<p>Calor\u00edas 108 kcal.<\/p>\n<p>Grasas s\u00f3lo 2,3 gramos.<\/p>\n<p>Grasas saturadas m\u00ednimas 0,3 gramos.<\/p>\n<p>Hidratos de carbono 7 gramos.<\/p>\n<p>Az\u00facares s\u00f3lo 0,3 gramos.<\/p>\n<p>Fibra 0,4 gramos.<\/p>\n<p>Prote\u00ednas naturales 15 gramos.<\/p>\n<p>&nbsp;<\/p>\n<h3><strong>Prote\u00edna Herbalife\u00a0Ingredientes<\/strong><\/h3>\n<p>Ingredientes naturales y de buenos valores alimenticios:<\/p>\n<p>Prote\u00edna proveniente de soja natural (75%), concentrado de prote\u00edna de leche (24,5%), aromatizantes y antiaglomerantes.<\/p>\n<ul>\n<li>La\u00a0<a href=\"https:\/\/www.abc.es\/recreo\/consejos\/abci-beneficios-proteina-soja-201707141314_noticia.html\">prote\u00edna de soja<\/a> es una prote\u00edna vegetal rica en zinc, hierro, f\u00f3sforo y vitaminas ayuda a metabolizar grasas.<\/li>\n<li>El suero de leche es esencial para el mantenimiento muscular y contiene los favorables amino\u00e1cidos.<\/li>\n<li>Los hidratos de carbono ayudan al cuerpo a mantener energ\u00eda.<\/li>\n<\/ul>\n<p>&nbsp;<\/p>\n<h3><strong>Bebida con prote\u00ednas en polvo Herbalife<\/strong><\/h3>\n<p>Formato: Bote con cierre.<\/p>\n<p>Sabor: Vainilla.<\/p>\n<p>Cantidad 588 gramos.<\/p>\n","protected":false},"excerpt":{"rendered":"<p>Polvo de prote\u00ednas Herbalife personalizado es un producto que ayuda, junto a tus\u00a0<a href=\"https:\/\/herbalshop.es\/producto\/pack-3-batidos-formula-1\/\">batidos F\u00f3rmula 1<\/a>, a construir una masa m\u00fascular fuerte y a mantener los huesos estables y saludables, todo gracias a su valor nutricional rico en soja y prote\u00ednas naturales.<\/p>\n<p>Son prote\u00ednas \u00bfMe har\u00e1n engordar? No. Estos polvos tomados a media ma\u00f1ana\/tarde consiguen saciar el hambre evitando comer entre horas y favorece la p\u00e9rdida de peso<\/p>\n","protected":false},"featured_media":107,"comment_status":"open","ping_status":"closed","template":"","meta":{"_eb_attr":"","_kad_post_transparent":"default","_kad_post_title":"","_kad_post_layout":"default","_kad_post_sidebar_id":"","_kad_post_content_style":"default","_kad_post_vertical_padding":"default","_kad_post_feature":"","_kad_post_feature_position":"","_kad_post_header":false,"_kad_post_footer":false},"product_brand":[],"product_cat":[18,17],"product_tag":[19],"class_list":{"0":"post-106","1":"product","2":"type-product","3":"status-publish","4":"has-post-thumbnail","6":"product_cat-control-de-peso","7":"product_cat-suplementos-dieteticos","8":"product_tag-herbalife","10":"first","11":"instock","12":"taxable","13":"shipping-taxable","14":"purchasable","15":"product-type-simple","16":"entry","17":"content-bg","18":"loop-entry"},"_links":{"self":[{"href":"https:\/\/nutritioninteligent.com\/index.php\/wp-json\/wp\/v2\/product\/106","targetHints":{"allow":["GET"]}}],"collection":[{"href":"https:\/\/nutritioninteligent.com\/index.php\/wp-json\/wp\/v2\/product"}],"about":[{"href":"https:\/\/nutritioninteligent.com\/index.php\/wp-json\/wp\/v2\/types\/product"}],"replies":[{"embeddable":true,"href":"https:\/\/nutritioninteligent.com\/index.php\/wp-json\/wp\/v2\/comments?post=106"}],"wp:featuredmedia":[{"embeddable":true,"href":"https:\/\/nutritioninteligent.com\/index.php\/wp-json\/wp\/v2\/media\/107"}],"wp:attachment":[{"href":"https:\/\/nutritioninteligent.com\/index.php\/wp-json\/wp\/v2\/media?parent=106"}],"wp:term":[{"taxonomy":"product_brand","embeddable":true,"href":"https:\/\/nutritioninteligent.com\/index.php\/wp-json\/wp\/v2\/product_brand?post=106"},{"taxonomy":"product_cat","embeddable":true,"href":"https:\/\/nutritioninteligent.com\/index.php\/wp-json\/wp\/v2\/product_cat?post=106"},{"taxonomy":"product_tag","embeddable":true,"href":"https:\/\/nutritioninteligent.com\/index.php\/wp-json\/wp\/v2\/product_tag?post=106"}],"curies":[{"name":"wp","href":"https:\/\/api.w.org\/{rel}","templated":true}]}}