{"id":14,"date":"2024-07-18T20:24:28","date_gmt":"2024-07-18T20:24:28","guid":{"rendered":"https:\/\/nutritioninteligent.com\/?post_type=product&#038;p=14"},"modified":"2024-07-18T20:34:36","modified_gmt":"2024-07-18T20:34:36","slug":"prunex-1","status":"publish","type":"product","link":"https:\/\/nutritioninteligent.com\/index.php\/product\/prunex-1\/","title":{"rendered":"PRUNEX 1"},"content":{"rendered":"<p style=\"text-align: center;\">MIX DE FIBRAS (PSYLIUM, INULINA DE ACHICORIA, MUC\u00cdLAGO DE LINAZA) KELP, AN\u00cdS ESTRELLA, EXTRACTO DE GUINDONES<\/p>\n<ul class=\"a-unordered-list a-vertical a-spacing-mini\">\n<li class=\"a-spacing-mini\"><span class=\"a-list-item\">Limpieza digestiva: los ingredientes fibrosos de esta mezcla ayudar\u00e1n a limpiar el colon y purificar el intestino, aliviando la hinchaz\u00f3n y la hinchaz\u00f3n abdominal. Para un sistema digestivo mejorado.<\/span><\/li>\n<li class=\"a-spacing-mini\"><span class=\"a-list-item\">Beneficios nutricionales: promueve la absorci\u00f3n de otros nutrientes para una gran salud liberando al cuerpo de los desechos da\u00f1inos existentes con su alto contenido de fibra.<\/span><\/li>\n<li class=\"a-spacing-mini\"><span class=\"a-list-item\">Todo natural, sin productos qu\u00edmicos: 100% natural, sin productos qu\u00edmicos y sin az\u00facar, lo que hace que esta mezcla sea una experiencia segura y deliciosa para cualquiera que tenga problemas intestinales.<\/span><\/li>\n<li class=\"a-spacing-mini\"><span class=\"a-list-item\">R\u00e1pido y delicioso: viene en sobres f\u00e1ciles de usar y se disuelve r\u00e1pidamente para mayor comodidad. Disfruta de una taza del exquisito FuXion Prunex 1 con sabor a ciruelas pasas en minutos.<\/span><\/li>\n<li class=\"a-spacing-mini\"><span class=\"a-list-item\">\u2764\ufe0f Uso sugerido: tomar 1\/2 o 1 sobre\u00a0 por d\u00eda, despu\u00e9s de la cena o antes de acostarse. Disuelva el contenido\u00a0 en una taza de agua caliente y mezcle bien. Mantener en un lugar seco y fresco.<\/span><\/li>\n<\/ul>\n<p><img loading=\"lazy\" decoding=\"async\" class=\"size-medium wp-image-16 aligncenter\" src=\"https:\/\/nutritioninteligent.com\/wp-content\/uploads\/2024\/07\/Flyer-PruneX-600x421-1-300x211.webp\" alt=\"\" width=\"300\" height=\"211\" srcset=\"https:\/\/nutritioninteligent.com\/wp-content\/uploads\/2024\/07\/Flyer-PruneX-600x421-1-300x211.webp 300w, https:\/\/nutritioninteligent.com\/wp-content\/uploads\/2024\/07\/Flyer-PruneX-600x421-1-64x45.webp 64w, https:\/\/nutritioninteligent.com\/wp-content\/uploads\/2024\/07\/Flyer-PruneX-600x421-1.webp 600w\" sizes=\"auto, (max-width: 300px) 100vw, 300px\" \/><\/p>\n","protected":false},"excerpt":{"rendered":"<p>&nbsp;<\/p>\n<p>Caja de 28 sobres<\/p>\n<p>Bebida frutal en base a mix de fibras solubles y extracto de guindones, los cuales representan una alternativa eficaz en casos de estre\u00f1imiento, promoviendo la desintoxicaci\u00f3n del colon.<\/p>\n","protected":false},"featured_media":18,"comment_status":"open","ping_status":"closed","template":"","meta":{"_eb_attr":"","_kad_post_transparent":"default","_kad_post_title":"","_kad_post_layout":"default","_kad_post_sidebar_id":"","_kad_post_content_style":"default","_kad_post_vertical_padding":"default","_kad_post_feature":"","_kad_post_feature_position":"","_kad_post_header":false,"_kad_post_footer":false},"product_brand":[],"product_cat":[17],"product_tag":[20],"class_list":{"0":"post-14","1":"product","2":"type-product","3":"status-publish","4":"has-post-thumbnail","6":"product_cat-suplementos-dieteticos","7":"product_tag-fuxion","9":"first","10":"instock","11":"taxable","12":"shipping-taxable","13":"purchasable","14":"product-type-simple","15":"entry","16":"content-bg","17":"loop-entry"},"_links":{"self":[{"href":"https:\/\/nutritioninteligent.com\/index.php\/wp-json\/wp\/v2\/product\/14","targetHints":{"allow":["GET"]}}],"collection":[{"href":"https:\/\/nutritioninteligent.com\/index.php\/wp-json\/wp\/v2\/product"}],"about":[{"href":"https:\/\/nutritioninteligent.com\/index.php\/wp-json\/wp\/v2\/types\/product"}],"replies":[{"embeddable":true,"href":"https:\/\/nutritioninteligent.com\/index.php\/wp-json\/wp\/v2\/comments?post=14"}],"wp:featuredmedia":[{"embeddable":true,"href":"https:\/\/nutritioninteligent.com\/index.php\/wp-json\/wp\/v2\/media\/18"}],"wp:attachment":[{"href":"https:\/\/nutritioninteligent.com\/index.php\/wp-json\/wp\/v2\/media?parent=14"}],"wp:term":[{"taxonomy":"product_brand","embeddable":true,"href":"https:\/\/nutritioninteligent.com\/index.php\/wp-json\/wp\/v2\/product_brand?post=14"},{"taxonomy":"product_cat","embeddable":true,"href":"https:\/\/nutritioninteligent.com\/index.php\/wp-json\/wp\/v2\/product_cat?post=14"},{"taxonomy":"product_tag","embeddable":true,"href":"https:\/\/nutritioninteligent.com\/index.php\/wp-json\/wp\/v2\/product_tag?post=14"}],"curies":[{"name":"wp","href":"https:\/\/api.w.org\/{rel}","templated":true}]}}