{"id":147,"date":"2026-02-26T21:52:08","date_gmt":"2026-02-26T21:52:08","guid":{"rendered":"https:\/\/nutritioninteligent.com\/?post_type=product&#038;p=147"},"modified":"2026-02-26T21:54:41","modified_gmt":"2026-02-26T21:54:41","slug":"cafezzino-omnilife-30-sobres","status":"publish","type":"product","link":"https:\/\/nutritioninteligent.com\/index.php\/product\/cafezzino-omnilife-30-sobres\/","title":{"rendered":"Cafezzino Omnilife 30 sobres"},"content":{"rendered":"<p data-pm-slice=\"1 1 []\">\u2615 \u00bfPara qu\u00e9 sirve Cafecino de Omnilife?<\/p>\n<p>\ud83c\udf43 1. Apoya el metabolismo de grasas<\/p>\n<p>Cafecino contiene ingredientes como cromo y cafe\u00edna presentes en el caf\u00e9, que se promocionan por su capacidad para favorecer el metabolismo de las grasas y los carbohidratos, ayudando a que el organismo use la grasa acumulada como fuente de energ\u00eda. \ufffc<\/p>\n<p>\u26a1 2. Estimula y da energ\u00eda<\/p>\n<p>La cafe\u00edna del caf\u00e9 funciona como estimulante natural que puede ayudarte a tener m\u00e1s energ\u00eda y estar m\u00e1s alerta, similar a tomar caf\u00e9 normal. \ufffc<\/p>\n<p>\ud83e\udde0 3. Puede ayudar con la saciedad<\/p>\n<p>Al tomarse antes de las comidas, muchas personas lo utilizan para sentir menor apetito o mayor sensaci\u00f3n de saciedad, lo que puede apoyar el control de peso si se combina con h\u00e1bitos saludables. \ufffc<\/p>\n<p>\ud83e\udd44 \u00bfC\u00f3mo se toma?<\/p>\n<p>La forma de consumo recomendada general para Cafecino suele ser:<\/p>\n<p>1. A\u00f1ade 1 sobre del polvo en aproximadamente 180 ml de agua caliente, como si prepararas un caf\u00e9 instant\u00e1neo. \ufffc<\/p>\n<p>2. Mezcla bien hasta que se disuelva completamente. \ufffc<\/p>\n<p>3. T\u00f3malo aproximadamente 1 hora antes de las comidas, especialmente las principales<\/p>\n<p>&nbsp;<\/p>\n<h2><strong>Beneficios<\/strong><\/h2>\n<p>El extracto de caf\u00e9 verde (Coffea Canephora Robusta Pierre), es una fuente importante de compuestos fen\u00f3licos que pueden colaborar de manera significativa en la utilizaci\u00f3n de la grasa almacenada como fuente de energ\u00eda, lo cual es especialmente beneficioso para aquellos que buscan mejorar su rendimiento f\u00edsico y mantener un peso saludable. Adem\u00e1s, su capacidad antioxidante ayuda a combatir los radicales libres en nuestro cuerpo.<br \/>\nEl cromo es un mineral esencial que participa activamente en el metabolismo de los hidratos de carbono (carbohidratos), lo que no solo favorece la regulaci\u00f3n de la glucosa en sangre, sino que tambi\u00e9n mejora la sensibilidad a la insulina, por lo que es fundamental para las personas que desean mantener su energ\u00eda estable a lo largo del d\u00eda.<br \/>\nLa inulina (fibra soluble) puede colaborar en los procesos de digesti\u00f3n, promoviendo un tr\u00e1nsito intestinal saludable y favoreciendo la producci\u00f3n de bacterias beneficiosas en el intestino, lo que contribuye a la salud digestiva en general, ayudando a prevenir el estre\u00f1imiento y mejorando la absorci\u00f3n de nutrientes.<\/p>\n","protected":false},"excerpt":{"rendered":"<p>\u2615 \u00bfPara qu\u00e9 sirve Cafecino de Omnilife? \ud83c\udf43 1. Apoya el metabolismo de grasas Cafecino contiene ingredientes como cromo y cafe\u00edna presentes en el caf\u00e9, que se promocionan por su capacidad para favorecer el metabolismo de las grasas y los carbohidratos, ayudando a que el organismo use la grasa acumulada como fuente de energ\u00eda. \ufffc&#8230;<\/p>\n","protected":false},"featured_media":148,"comment_status":"open","ping_status":"closed","template":"","meta":{"_eb_attr":"","_kad_post_transparent":"default","_kad_post_title":"","_kad_post_layout":"default","_kad_post_sidebar_id":"","_kad_post_content_style":"default","_kad_post_vertical_padding":"default","_kad_post_feature":"","_kad_post_feature_position":"","_kad_post_header":false,"_kad_post_footer":false},"product_brand":[25],"product_cat":[18],"product_tag":[24],"class_list":{"0":"post-147","1":"product","2":"type-product","3":"status-publish","4":"has-post-thumbnail","6":"product_brand-omnilife","7":"product_cat-control-de-peso","8":"product_tag-omnilife","10":"first","11":"instock","12":"sale","13":"taxable","14":"shipping-taxable","15":"purchasable","16":"product-type-simple","17":"entry","18":"content-bg","19":"loop-entry"},"_links":{"self":[{"href":"https:\/\/nutritioninteligent.com\/index.php\/wp-json\/wp\/v2\/product\/147","targetHints":{"allow":["GET"]}}],"collection":[{"href":"https:\/\/nutritioninteligent.com\/index.php\/wp-json\/wp\/v2\/product"}],"about":[{"href":"https:\/\/nutritioninteligent.com\/index.php\/wp-json\/wp\/v2\/types\/product"}],"replies":[{"embeddable":true,"href":"https:\/\/nutritioninteligent.com\/index.php\/wp-json\/wp\/v2\/comments?post=147"}],"wp:featuredmedia":[{"embeddable":true,"href":"https:\/\/nutritioninteligent.com\/index.php\/wp-json\/wp\/v2\/media\/148"}],"wp:attachment":[{"href":"https:\/\/nutritioninteligent.com\/index.php\/wp-json\/wp\/v2\/media?parent=147"}],"wp:term":[{"taxonomy":"product_brand","embeddable":true,"href":"https:\/\/nutritioninteligent.com\/index.php\/wp-json\/wp\/v2\/product_brand?post=147"},{"taxonomy":"product_cat","embeddable":true,"href":"https:\/\/nutritioninteligent.com\/index.php\/wp-json\/wp\/v2\/product_cat?post=147"},{"taxonomy":"product_tag","embeddable":true,"href":"https:\/\/nutritioninteligent.com\/index.php\/wp-json\/wp\/v2\/product_tag?post=147"}],"curies":[{"name":"wp","href":"https:\/\/api.w.org\/{rel}","templated":true}]}}