{"id":161,"date":"2026-04-16T20:41:54","date_gmt":"2026-04-16T20:41:54","guid":{"rendered":"https:\/\/nutritioninteligent.com\/?post_type=product&#038;p=161"},"modified":"2026-04-16T20:41:54","modified_gmt":"2026-04-16T20:41:54","slug":"probiotico-flora-liv-28-sobres","status":"publish","type":"product","link":"https:\/\/nutritioninteligent.com\/index.php\/product\/probiotico-flora-liv-28-sobres\/","title":{"rendered":"Probiotico Flora Liv 28 sobres"},"content":{"rendered":"<div class=\"CjVfdc\"><span class=\"C9DxTc \">\u00bfQu\u00e9 es FLORA LIV de FUXION?<\/span><\/div>\n<p class=\"zfr3Q CDt4Ke \" dir=\"ltr\"><span class=\"C9DxTc \">Bebida funcional frutal, sabor a granadilla<\/span><span class=\"C9DxTc \">, regenerador de la flora intestinal a base de cultivos probi\u00f3ticos, fibra prebi\u00f3tica y extracto de pulpa de granadilla.<\/span><\/p>\n<div class=\"CjVfdc\"><span class=\"C9DxTc \">\u00bfPara qu\u00e9 sirve FLORA LIV FUXION? Beneficios de su consumo<\/span><\/div>\n<ul class=\"n8H08c UVNKR \">\n<li class=\"zfr3Q TYR86d eD0Rn \" dir=\"ltr\">\n<p class=\"zfr3Q CDt4Ke \" dir=\"ltr\" role=\"presentation\"><span class=\"C9DxTc \">Refuerza la inmunidad general y aumenta la resistencia a las enfermedades en ni\u00f1os y adultos.<\/span><\/p>\n<\/li>\n<li class=\"zfr3Q TYR86d eD0Rn \" dir=\"ltr\">\n<p class=\"zfr3Q CDt4Ke \" dir=\"ltr\" role=\"presentation\"><span class=\"C9DxTc \">Corrige sensiblemente los cuadros de\u00a0<\/span><span class=\"C9DxTc \">estre\u00f1imiento\u00a0<\/span><span class=\"C9DxTc \">y\u00a0<\/span><span class=\"C9DxTc \">constipaci\u00f3n<\/span><span class=\"C9DxTc \">.<\/span><\/p>\n<\/li>\n<li class=\"zfr3Q TYR86d eD0Rn \" dir=\"ltr\">\n<p class=\"zfr3Q CDt4Ke \" dir=\"ltr\" role=\"presentation\"><span class=\"C9DxTc \">Efecto depurativo y regulador del tr\u00e1nsito intestinal.<\/span><\/p>\n<\/li>\n<li class=\"zfr3Q TYR86d eD0Rn \" dir=\"ltr\">\n<p class=\"zfr3Q CDt4Ke \" dir=\"ltr\" role=\"presentation\"><span class=\"C9DxTc \">Reduce la acidez y los s\u00edntomas de la\u00a0<\/span><span class=\"C9DxTc \">gastritis<\/span><span class=\"C9DxTc \">; mejora la cicatrizaci\u00f3n de las\u00a0<\/span><span class=\"C9DxTc \">\u00falceras<\/span><span class=\"C9DxTc \">.<\/span><\/p>\n<\/li>\n<li class=\"zfr3Q TYR86d eD0Rn \" dir=\"ltr\">\n<p class=\"zfr3Q CDt4Ke \" dir=\"ltr\" role=\"presentation\"><span class=\"C9DxTc \">Coadyuva en el tratamiento\u00a0<\/span><span class=\"C9DxTc \">contra los par\u00e1sitos<\/span><span class=\"C9DxTc \">\u00a0(\u00abacci\u00f3n verm\u00edfuga\u00bb).<\/span><\/p>\n<\/li>\n<li class=\"zfr3Q TYR86d eD0Rn \" dir=\"ltr\">\n<p class=\"zfr3Q CDt4Ke \" dir=\"ltr\" role=\"presentation\"><span class=\"C9DxTc \">Contribuye en la\u00a0<\/span><span class=\"C9DxTc \">reducci\u00f3n del colesterol\u00a0<\/span><span class=\"C9DxTc \">y los niveles de az\u00facar en la sangre.<\/span><\/p>\n<\/li>\n<li class=\"zfr3Q TYR86d eD0Rn \" dir=\"ltr\">\n<p class=\"zfr3Q CDt4Ke \" dir=\"ltr\" role=\"presentation\"><span class=\"C9DxTc \">Contribuye a la mejor absorci\u00f3n del calcio.<\/span><\/p>\n<\/li>\n<\/ul>\n<div id=\"h.yflnz44u52do\" class=\"GV3q8e yMxPgf  aP9Z7e\"><\/div>\n<div class=\"CjVfdc\">\n<div class=\"PPhIP rviiZ\"><\/div>\n<p><span class=\"C9DxTc \">Aliado de la flora intestinal y de la inmunidad<\/span><\/div>\n<p class=\"zfr3Q CDt4Ke \" dir=\"ltr\"><span class=\"C9DxTc \">Contra lo que com\u00fanmente se piensa, el intestino no es un simple \u00f3rgano de absorci\u00f3n y eliminaci\u00f3n. Hoy sabemos adem\u00e1s que el intestino es un elemento clave para la actividad del sistema inmunol\u00f3gico e incluso para regular nuestros estados de \u00e1nimo (90% de la serotonina se produce en el intestino). Sus c\u00e9lulas reconocen los agentes pat\u00f3genos y activan la producci\u00f3n de linfocitos que a su vez segregan anticuerpos o \u201cdefensas\u201d y su microflora se encarga de su eliminaci\u00f3n.<\/span><\/p>\n<div id=\"h.p_ID_176\" class=\"GV3q8e yMxPgf  aP9Z7e\"><\/div>\n<div class=\"CjVfdc\">\n<div class=\"PPhIP rviiZ\"><\/div>\n<p><span class=\"C9DxTc \">Microorganismos beneficiosos de la Flora Intestinal<\/span><\/div>\n<p class=\"zfr3Q CDt4Ke \" dir=\"ltr\"><span class=\"C9DxTc \">Se denomina flora intestinal al conjunto de bacterias que viven en el intestino, formando un ecosistema complejo que se autorregula y se mantiene en equilibrio. La gran mayor\u00eda de estas bacterias son amigables para la salud; muchas son beneficiosas como los lactobacilos y las bifidobacterias, y otras son potencialmente pat\u00f3genas como E. coli, Salmonella y Clostridium, pudiendo causar infecciones de gravedad. Las bacterias beneficiosas cumplen una importante labor inmunol\u00f3gica al ayudar a reconocer los ant\u00edgenos invasores y a eliminar bacterias y virus pat\u00f3genos, evitando que se desarrollen infecciones y enfermedades. Igualmente, son imprescindibles para la s\u00edntesis de determinados compuestos, como la vitamina K y algunas del complejo B.<\/span><\/p>\n<p class=\"zfr3Q CDt4Ke \" dir=\"ltr\"><span class=\"C9DxTc \">Al estar compuesta de microorganismos, la flora intestinal es muy sensible al estr\u00e9s, a la dieta, al envejecimiento y los antibi\u00f3ticos, siendo \u00e9stos los principales causantes de su destrucci\u00f3n. Al romperse el equilibrio, se pueden producir diversos trastornos. Por el contrario, el uso de probi\u00f3ticos estimula el crecimiento de la microflora intestinal beneficiosa y su equilibrio; por este motivo, es importante procurar diariamente un aporte importante de bacterias probi\u00f3ticas en la dieta.<\/span><\/p>\n<div id=\"h.p_ID_182\" class=\"GV3q8e yMxPgf  aP9Z7e\"><\/div>\n<div class=\"CjVfdc\">\n<div class=\"PPhIP rviiZ\"><\/div>\n<p><span class=\"C9DxTc \">Funciones importantes de una Flora Intestinal equilibrada:<\/span><\/div>\n<ul class=\"n8H08c UVNKR \">\n<li class=\"zfr3Q TYR86d eD0Rn \" dir=\"ltr\">\n<p class=\"zfr3Q CDt4Ke \" dir=\"ltr\" role=\"presentation\"><span class=\"C9DxTc \">Mejora de la actividad del sistema inmunol\u00f3gico.<\/span><\/p>\n<\/li>\n<li class=\"zfr3Q TYR86d eD0Rn \" dir=\"ltr\">\n<p class=\"zfr3Q CDt4Ke \" dir=\"ltr\" role=\"presentation\"><span class=\"C9DxTc \">Inhibici\u00f3n del crecimiento de microorganismos pat\u00f3genos (virus, bacterias, par\u00e1sitos).<\/span><\/p>\n<\/li>\n<li class=\"zfr3Q TYR86d eD0Rn \" dir=\"ltr\">\n<p class=\"zfr3Q CDt4Ke \" dir=\"ltr\" role=\"presentation\"><span class=\"C9DxTc \">Prevenci\u00f3n y alivio del estre\u00f1imiento y la diarrea.<\/span><\/p>\n<\/li>\n<li class=\"zfr3Q TYR86d eD0Rn \" dir=\"ltr\">\n<p class=\"zfr3Q CDt4Ke \" dir=\"ltr\" role=\"presentation\"><span class=\"C9DxTc \">Recuperaci\u00f3n de las funciones intestinales despu\u00e9s del consumo de antibi\u00f3ticos y otros medicamentos.<\/span><\/p>\n<\/li>\n<li class=\"zfr3Q TYR86d eD0Rn \" dir=\"ltr\">\n<p class=\"zfr3Q CDt4Ke \" dir=\"ltr\" role=\"presentation\"><span class=\"C9DxTc \">Producci\u00f3n de enzimas digestivas.<\/span><\/p>\n<\/li>\n<\/ul>\n<div id=\"h.ruf4qj7t6qsa\" class=\"GV3q8e yMxPgf  aP9Z7e\"><\/div>\n<div class=\"CjVfdc\">\n<div class=\"PPhIP rviiZ\"><\/div>\n<p><span class=\"C9DxTc \">Probi\u00f3tico y Prebi\u00f3tico Digestivo<\/span><\/div>\n<p class=\"zfr3Q CDt4Ke \" dir=\"ltr\"><span class=\"C9DxTc \">Flora Liv es el resultado de la combinaci\u00f3n de Lactobacillus casei (cepa 011), Lactobacillus acidophilus (cepa 021) y Bifidobacterium bifidum (cepa 037), cepas con comprobados efectos en la salud de ni\u00f1os y adultos. Cada stick de Flora Liv aporta a tu salud 10 mil millones de estos microorganismos probi\u00f3ticos. Generalmente recurrimos al yogurt como fuente de prob\u00f3ticos, sin embargo la cantidad y calidad de bacterias est\u00e1 muy por debajo de las necesidades de una persona, y al ser un derivado de la leche, su digesti\u00f3n muchas veces deriva en diversos trastornos intestinales.<\/span><\/p>\n<p class=\"zfr3Q CDt4Ke \" dir=\"ltr\"><span class=\"C9DxTc \">Adem\u00e1s de los microorganismos probi\u00f3ticos mencionados, Flora Liv aporta prebi\u00f3ticos (fibra o \u201cinulina\u201d):Sustancia de origen vegetal que estimula el crecimiento y la actividad de Lactobacillus y Bifidobacterium.<\/span><\/p>\n<p class=\"zfr3Q CDt4Ke \" dir=\"ltr\"><span class=\"C9DxTc \">Sin embargo, una innovaci\u00f3n extra que Flora Liv aporta a tu nutrici\u00f3n, es la adici\u00f3n de extracto \u201cliofilizado\u201d de pulpa de granadilla (Passiflora ligularis), fruta tradicionalmente usada y recomendada sobre todo en los ni\u00f1os para:<\/span><\/p>\n<ul class=\"n8H08c UVNKR \">\n<li class=\"zfr3Q TYR86d eD0Rn \" dir=\"ltr\">\n<p class=\"zfr3Q CDt4Ke \" dir=\"ltr\" role=\"presentation\"><span class=\"C9DxTc \">Regular el ritmo de evacuaciones intestinales (prevenir y tratar el estre\u00f1imiento, incluso en beb\u00e9s).<\/span><\/p>\n<\/li>\n<li class=\"zfr3Q TYR86d eD0Rn \" dir=\"ltr\">\n<p class=\"zfr3Q CDt4Ke \" dir=\"ltr\" role=\"presentation\"><span class=\"C9DxTc \">Estimular la correcta digesti\u00f3n, controlar la acidez y ayudar a la cicatrizaci\u00f3n de las \u00falceras.<\/span><\/p>\n<\/li>\n<li class=\"zfr3Q TYR86d eD0Rn \" dir=\"ltr\">\n<p class=\"zfr3Q CDt4Ke \" dir=\"ltr\" role=\"presentation\"><span class=\"C9DxTc \">Aportar potasio, calcio, f\u00f3sforo, hierro y fibra. Proveer vitaminas (B1, B2, C y provitamina A).<\/span><\/p>\n<\/li>\n<li class=\"zfr3Q TYR86d eD0Rn \" dir=\"ltr\">\n<p class=\"zfr3Q CDt4Ke \" dir=\"ltr\" role=\"presentation\"><span class=\"C9DxTc \">Coadyuvar en el tratamiento contra los par\u00e1sitos (\u201cacci\u00f3n verm\u00edfuga\u201d).<\/span><\/p>\n<\/li>\n<\/ul>\n<p class=\"zfr3Q CDt4Ke \" dir=\"ltr\"><span class=\"C9DxTc \">El moderno proceso de liofilizado, que extrae los principios activos de la granadilla y los mantiene estables en su estado natural, garantiza que efectivamente estamos consumiendo s\u00f3lo lo mejor de este maravilloso fruto.<\/span><\/p>\n<p class=\"zfr3Q CDt4Ke \" dir=\"ltr\"><span class=\"C9DxTc \">Consume t\u00fa y tus hijos (incluso beb\u00e9s peque\u00f1os) Flora Liv en cualquier momento del d\u00eda &#8211; preferiblemente una hora despu\u00e9s de las comidas- como un refresco nutrac\u00e9utico que aportar\u00e1 los mejores beneficios de la naturaleza a tu salud!<\/span><\/p>\n<div id=\"h.mm386t4i4p72\" class=\"CobnVe yMxPgf  aP9Z7e\"><\/div>\n<div class=\"CjVfdc\">\n<div class=\"PPhIP rviiZ\"><\/div>\n<p><span class=\"C9DxTc \">\u00bfQu\u00e9 contiene FLORA LIV FUXION? Ingredientes naturales<\/span><\/div>\n<ul class=\"n8H08c UVNKR \">\n<li class=\"zfr3Q TYR86d eD0Rn \" dir=\"ltr\">\n<p class=\"zfr3Q CDt4Ke \" dir=\"ltr\" role=\"presentation\"><span class=\"C9DxTc \">Inulina de Achicoria BENEO\u00aeGR<\/span><\/p>\n<\/li>\n<li class=\"zfr3Q TYR86d eD0Rn \" dir=\"ltr\">\n<p class=\"zfr3Q CDt4Ke \" dir=\"ltr\" role=\"presentation\"><span class=\"C9DxTc \">Mix Vitam\u00edmico (Vitamina A Retinol, B1 Tiamina, B2 Riboflavina, B3 Niacina, B6 Piridoxina, B9 \u00c1cido F\u00f3lico, B12 Cobalamina, Vitamina C \u00c1cido Asc\u00f3rbico, Vitamina D Colecalciferol)<\/span><\/p>\n<\/li>\n<li class=\"zfr3Q TYR86d eD0Rn \" dir=\"ltr\">\n<p class=\"zfr3Q CDt4Ke \" dir=\"ltr\" role=\"presentation\"><span class=\"C9DxTc \">Bacterias Probi\u00f3ticas (Lactobacillus acipophilus, Bifidobacterium bifidum)<\/span><\/p>\n<\/li>\n<li class=\"zfr3Q TYR86d eD0Rn \" dir=\"ltr\">\n<p class=\"zfr3Q CDt4Ke \" dir=\"ltr\" role=\"presentation\"><span class=\"C9DxTc \">Extracto Liofilizado de Pulpa de Granadilla (Passiflora ligularis)<\/span><\/p>\n<\/li>\n<li class=\"zfr3Q TYR86d eD0Rn \" dir=\"ltr\">\n<p class=\"zfr3Q CDt4Ke \" dir=\"ltr\" role=\"presentation\"><span class=\"C9DxTc \">Minerales (Pirofosfato F\u00e9rrico, Sulfato de Zinc, Sulfato de Magnesio)<\/span><\/p>\n<\/li>\n<li class=\"zfr3Q TYR86d eD0Rn \" dir=\"ltr\">\n<p class=\"zfr3Q CDt4Ke \" dir=\"ltr\" role=\"presentation\"><span class=\"C9DxTc \">\u00c1cido C\u00edtrico<\/span><\/p>\n<\/li>\n<li class=\"zfr3Q TYR86d eD0Rn \" dir=\"ltr\">\n<p class=\"zfr3Q CDt4Ke \" dir=\"ltr\" role=\"presentation\"><span class=\"C9DxTc \">Sabor Natural<\/span><\/p>\n<\/li>\n<li class=\"zfr3Q TYR86d eD0Rn \" dir=\"ltr\">\n<p class=\"zfr3Q CDt4Ke \" dir=\"ltr\" role=\"presentation\"><span class=\"C9DxTc \">Endulzado con Stevia<\/span><\/p>\n<\/li>\n<\/ul>\n<p class=\"zfr3Q CDt4Ke \" dir=\"ltr\"><span class=\"C9DxTc \">No contiene: Az\u00facar, Aspartame, Lactosa, Case\u00edna, Gluten, Colorantes Artificiales, Preservantes.<\/span><\/p>\n<div id=\"h.ajcrc0dlinhh\" class=\"CobnVe yMxPgf  aP9Z7e\"><\/div>\n<div class=\"CjVfdc\">\n<div class=\"PPhIP rviiZ\"><\/div>\n<p><span class=\"C9DxTc \">FLORA LIV FUXION se recomienda a<\/span><\/div>\n<p class=\"zfr3Q CDt4Ke \" dir=\"ltr\"><span class=\"C9DxTc \">Adultos, j\u00f3venes, mujeres embarazadas y lactantes, y ni\u00f1os (incluso beb\u00e9s peque\u00f1os), para reforzar el sistema inmunol\u00f3gico y mejorar su salud general.<\/span><\/p>\n<div id=\"h.1fepkzqtom5d\" class=\"CobnVe yMxPgf  aP9Z7e\"><\/div>\n<div class=\"CjVfdc\">\n<div class=\"PPhIP rviiZ\"><\/div>\n<p><span class=\"C9DxTc \">\u00bfC\u00f3mo se toma FLORA LIV FUXION? Indicaciones<\/span><\/div>\n<ul class=\"n8H08c UVNKR \">\n<li class=\"zfr3Q TYR86d eD0Rn \" dir=\"ltr\">\n<p class=\"zfr3Q CDt4Ke \" dir=\"ltr\" role=\"presentation\"><span class=\"C9DxTc \">Disolver el contenido de un stick en un vaso de agua fr\u00eda (180 ml) y revolver bien.<\/span><\/p>\n<\/li>\n<li class=\"zfr3Q TYR86d eD0Rn \" dir=\"ltr\">\n<p class=\"zfr3Q CDt4Ke \" dir=\"ltr\" role=\"presentation\"><span class=\"C9DxTc \">Tomar 1 stick, una hora despu\u00e9s del almuerzo o cena.<\/span><\/p>\n<\/li>\n<\/ul>\n<div id=\"h.fdtgyfeicmz3\" class=\"CobnVe yMxPgf  aP9Z7e\"><\/div>\n<div class=\"CjVfdc\">\n<div class=\"PPhIP rviiZ\"><\/div>\n<p><span class=\"C9DxTc \">\u00bfC\u00f3mo viene FLORA LIV FUXION? Presentaci\u00f3n<\/span><\/div>\n<p class=\"zfr3Q CDt4Ke \" dir=\"ltr\"><span class=\"C9DxTc \">Caja con 28 sticks<\/span><\/p>\n","protected":false},"excerpt":{"rendered":"<p>\u00bfQu\u00e9 es FLORA LIV de FUXION? Bebida funcional frutal, sabor a granadilla, regenerador de la flora intestinal a base de cultivos probi\u00f3ticos, fibra prebi\u00f3tica y extracto de pulpa de granadilla. \u00bfPara qu\u00e9 sirve FLORA LIV FUXION? Beneficios de su consumo Refuerza la inmunidad general y aumenta la resistencia a las enfermedades en ni\u00f1os y adultos&#8230;.<\/p>\n","protected":false},"featured_media":162,"comment_status":"open","ping_status":"closed","template":"","meta":{"_eb_attr":"","_kad_post_transparent":"default","_kad_post_title":"","_kad_post_layout":"default","_kad_post_sidebar_id":"","_kad_post_content_style":"default","_kad_post_vertical_padding":"default","_kad_post_feature":"","_kad_post_feature_position":"","_kad_post_header":false,"_kad_post_footer":false},"product_brand":[26],"product_cat":[17],"product_tag":[20],"class_list":{"0":"post-161","1":"product","2":"type-product","3":"status-publish","4":"has-post-thumbnail","6":"product_brand-fuxion","7":"product_cat-suplementos-dieteticos","8":"product_tag-fuxion","10":"first","11":"instock","12":"taxable","13":"shipping-taxable","14":"purchasable","15":"product-type-simple","16":"entry","17":"content-bg","18":"loop-entry"},"_links":{"self":[{"href":"https:\/\/nutritioninteligent.com\/index.php\/wp-json\/wp\/v2\/product\/161","targetHints":{"allow":["GET"]}}],"collection":[{"href":"https:\/\/nutritioninteligent.com\/index.php\/wp-json\/wp\/v2\/product"}],"about":[{"href":"https:\/\/nutritioninteligent.com\/index.php\/wp-json\/wp\/v2\/types\/product"}],"replies":[{"embeddable":true,"href":"https:\/\/nutritioninteligent.com\/index.php\/wp-json\/wp\/v2\/comments?post=161"}],"wp:featuredmedia":[{"embeddable":true,"href":"https:\/\/nutritioninteligent.com\/index.php\/wp-json\/wp\/v2\/media\/162"}],"wp:attachment":[{"href":"https:\/\/nutritioninteligent.com\/index.php\/wp-json\/wp\/v2\/media?parent=161"}],"wp:term":[{"taxonomy":"product_brand","embeddable":true,"href":"https:\/\/nutritioninteligent.com\/index.php\/wp-json\/wp\/v2\/product_brand?post=161"},{"taxonomy":"product_cat","embeddable":true,"href":"https:\/\/nutritioninteligent.com\/index.php\/wp-json\/wp\/v2\/product_cat?post=161"},{"taxonomy":"product_tag","embeddable":true,"href":"https:\/\/nutritioninteligent.com\/index.php\/wp-json\/wp\/v2\/product_tag?post=161"}],"curies":[{"name":"wp","href":"https:\/\/api.w.org\/{rel}","templated":true}]}}