{"id":92,"date":"2024-07-21T10:19:53","date_gmt":"2024-07-21T10:19:53","guid":{"rendered":"https:\/\/nutritioninteligent.com\/?post_type=product&#038;p=92"},"modified":"2026-01-27T14:52:55","modified_gmt":"2026-01-27T14:52:55","slug":"batido-formula-1-550-g-herbalife","status":"publish","type":"product","link":"https:\/\/nutritioninteligent.com\/index.php\/product\/batido-formula-1-550-g-herbalife\/","title":{"rendered":"Batido F\u00f3rmula 1 &#8211;  550 g HERBALIFE"},"content":{"rendered":"<h5 data-bind=\"visible: KeyBenefits\">Principales beneficios<\/h5>\n<div class=\"disc\" data-bind=\"visible: KeyBenefits, html: KeyBenefits\">\n<ul>\n<li>18 g de prote\u00ednas por raci\u00f3n, las cuales contribuyen a aumentar la masa muscular.<\/li>\n<li>5 g de fibra por raci\u00f3n.<\/li>\n<li>Proporciona al menos el 38% de los valores de referencia de 25 vitaminas y minerales por raci\u00f3n, incluyendo cromo, el cual contribuye a mantener unos niveles normales de glucosa en sangre.<\/li>\n<li>Ingredientes aptos para veganos, sin colorantes artificiales y con aromas naturales**.<\/li>\n<li>Sin leche ni sus derivados.<\/li>\n<\/ul>\n<div>La Nueva Generaci\u00f3n de F\u00f3rmula 1 contiene 25 vitaminas y minerales como magnesio, el cual contribuye al metabolismo energ\u00e9tico normal. Disfrutar del F\u00f3rmula 1 como un nutritivo desayuno, comida o cena para apoyar un estilo de vida activo y los objetivos de control de peso*.<\/div>\n<div><\/div>\n<div>La Nueva Generaci\u00f3n de F\u00f3rmula 1 est\u00e1 elaborada con una perfecta mezcla de prote\u00ednas de alta calidad, fibra, vitaminas y minerales que te ofrece una perfecta nutrici\u00f3n en un batido delicioso.<\/div>\n<div><\/div>\n<div>Ya no es necesario elegir entre otras alternativas saludables y pr\u00e1cticas, el batido F\u00f3rmula 1 es r\u00e1pido y f\u00e1cil de preparar.<\/div>\n<div><\/div>\n<\/div>\n<h5 data-bind=\"visible: Usage\">Utilizaci\u00f3n<\/h5>\n<div class=\"disc\" data-bind=\"visible: Usage, html: Usage\">\n<div>Disfrutar de un batido F\u00f3rmula 1 cada d\u00eda como una comida nutritiva. Agitar el bote suavemente antes de cada uso, ya que el contenido podr\u00eda apelmazarse.<\/div>\n<ul>\n<li>Opci\u00f3n con leche semidesnatada (vegetariana): 2 cucharadas de F\u00f3rmula 1 (26 g) + 250 ml leche semidesnatada (1,5% grasa).<\/li>\n<li>Opci\u00f3n con bebida de soja (vegana): 2 cucharadas de F\u00f3rmula 1 (26 g) + 250 ml bebida de soja enriquecida con calcio y vitamina A y D.<\/li>\n<li>Opci\u00f3n con agua (vegetariana): 2 cucharadas de F\u00f3rmula 1 (26 g) + 2 cucharadas de la Bebida con prote\u00ednas en polvo (28 g) + agua.<\/li>\n<li>Opci\u00f3n con agua (vegana): 2 cucharadas de F\u00f3rmula 1 (26 g) + 2 cucharadas de la Bebida vegana con prote\u00ednas en polvo (28 g) + agua.<\/li>\n<\/ul>\n<div>Disfrutar de este producto en el marco de una dieta variada y equilibrada, como parte de un estilo de vida activo y saludable. Entra en myherbalifeshake.com para m\u00e1s recetas de batidos y sugerencias de presentaci\u00f3n.<\/div>\n<div><\/div>\n<div>* Para control del peso: La sustituci\u00f3n de dos comidas principales al d\u00eda por sustitutivos de la comida en una dieta baja en calor\u00edas ayuda a adelgazar. Sustituir dos comidas al d\u00eda por un delicioso batido F\u00f3rmula 1 y hacer una comida nutritiva.<br \/>\n* Para una nutrici\u00f3n saludable y mantenimiento del peso: La sustituci\u00f3n de una comida principal al d\u00eda por un sustitutivo de la comida en una dieta baja en calor\u00edas contribuye a mantener el peso despu\u00e9s de haber adelgazado. Sustituir una comida al d\u00eda por un delicioso batido F\u00f3rmula 1 y hacer dos comidas nutritivas.<\/div>\n<\/div>\n","protected":false},"excerpt":{"rendered":"<p>Prueba el batido sustitutivo de comida F\u00f3rmula 1, manteniendo su compromiso de ayudar al control y mantenimiento del peso.* Es rico en prote\u00ednas, las cuales contribuyen al mantenimiento y aumento de la masa muscular. La l\u00ednea de F\u00f3rmula 1 tiene un equilibrio perfecto de vitaminas y minerales.<\/p>\n","protected":false},"featured_media":93,"comment_status":"open","ping_status":"closed","template":"","meta":{"_eb_attr":"","_kad_post_transparent":"default","_kad_post_title":"","_kad_post_layout":"default","_kad_post_sidebar_id":"","_kad_post_content_style":"default","_kad_post_vertical_padding":"default","_kad_post_feature":"","_kad_post_feature_position":"","_kad_post_header":false,"_kad_post_footer":false},"product_brand":[],"product_cat":[16],"product_tag":[19],"class_list":{"0":"post-92","1":"product","2":"type-product","3":"status-publish","4":"has-post-thumbnail","6":"product_cat-batidos-nutricionales","7":"product_tag-herbalife","9":"first","10":"instock","11":"taxable","12":"shipping-taxable","13":"purchasable","14":"product-type-simple","15":"entry","16":"content-bg","17":"loop-entry"},"_links":{"self":[{"href":"https:\/\/nutritioninteligent.com\/index.php\/wp-json\/wp\/v2\/product\/92","targetHints":{"allow":["GET"]}}],"collection":[{"href":"https:\/\/nutritioninteligent.com\/index.php\/wp-json\/wp\/v2\/product"}],"about":[{"href":"https:\/\/nutritioninteligent.com\/index.php\/wp-json\/wp\/v2\/types\/product"}],"replies":[{"embeddable":true,"href":"https:\/\/nutritioninteligent.com\/index.php\/wp-json\/wp\/v2\/comments?post=92"}],"wp:featuredmedia":[{"embeddable":true,"href":"https:\/\/nutritioninteligent.com\/index.php\/wp-json\/wp\/v2\/media\/93"}],"wp:attachment":[{"href":"https:\/\/nutritioninteligent.com\/index.php\/wp-json\/wp\/v2\/media?parent=92"}],"wp:term":[{"taxonomy":"product_brand","embeddable":true,"href":"https:\/\/nutritioninteligent.com\/index.php\/wp-json\/wp\/v2\/product_brand?post=92"},{"taxonomy":"product_cat","embeddable":true,"href":"https:\/\/nutritioninteligent.com\/index.php\/wp-json\/wp\/v2\/product_cat?post=92"},{"taxonomy":"product_tag","embeddable":true,"href":"https:\/\/nutritioninteligent.com\/index.php\/wp-json\/wp\/v2\/product_tag?post=92"}],"curies":[{"name":"wp","href":"https:\/\/api.w.org\/{rel}","templated":true}]}}