{"id":97,"date":"2024-07-28T08:34:40","date_gmt":"2024-07-28T08:34:40","guid":{"rendered":"https:\/\/nutritioninteligent.com\/?post_type=product&#038;p=97"},"modified":"2026-01-27T14:52:55","modified_gmt":"2026-01-27T14:52:55","slug":"formula-2-complejo-de-vitaminas-y-minerales-para-hombre","status":"publish","type":"product","link":"https:\/\/nutritioninteligent.com\/index.php\/product\/formula-2-complejo-de-vitaminas-y-minerales-para-hombre\/","title":{"rendered":"F\u00f3rmula 2 Complejo de vitaminas y minerales para hombre"},"content":{"rendered":"<h5 data-bind=\"visible: KeyBenefits\">Principales beneficios<\/h5>\n<div class=\"disc\" data-bind=\"visible: KeyBenefits, html: KeyBenefits\">\n<ul>\n<li>Desarrollado en espec\u00edfico para las necesidades nutricionales del hombre<\/li>\n<li>Proporciona una cantidad \u00f3ptima de vitaminas y minerales que tu organismo necesita<\/li>\n<li>71 alegaciones europeas autorizadas<\/li>\n<li>Formulado por expertos en nutrici\u00f3n y respaldado por la ciencia<\/li>\n<li>T\u00f3malo junto a tu batido favorito F\u00f3rmula 1<\/li>\n<li>Contiene vitaminas A y C contribuyen al funcionamiento normal del sistema inmunitario<\/li>\n<li>Contiene magnesio para contribuir al funcionamiento normal de los m\u00fasculos<\/li>\n<li>Contiene riboflavina para contribuir al metabolismo energ\u00e9tico normal<\/li>\n<li>El \u00e1cido pantont\u00e9nico contribuye al rendimiento intelectual normal<\/li>\n<\/ul>\n<\/div>\n<h5 data-bind=\"visible: FastFacts\">Datos resumidos<\/h5>\n<div class=\"disc\" data-bind=\"visible: FastFacts, html: FastFacts\">\n<p><b>\u00bfPor qu\u00e9 es importante tomar un complemento alimenticio de multivitaminas de forma regular?<\/b><\/p>\n<p>Los micronutrientes tienen un papel importante en los\u00a0 procesos que ocurren en el organismo y que afectan en nuestro bienestar.<\/p>\n<p>Porque mucha gente no toma las cantidades diarias recomendadas y un complemento alimenticio puede ayudar a conseguirlo.* [Fuente: Troesch et al., 2012]<\/p>\n<p><b>\u00bfPor qu\u00e9 es importante tomar un multivitam\u00ednico espec\u00edfico para el g\u00e9nero?<\/b><\/p>\n<p>Los hombres tienen diferente tama\u00f1o corporal, metabolismo y fisiolog\u00eda, con lo que necesitan diferentes niveles de vitaminas y minerales para su bienestar.<\/p>\n<p>Por ejemplo: dependiendo del pa\u00eds, 4 de cada 10 hombres no toman la cantidad suficiente de vitamina A, y los hombres requieren m\u00e1s cantidad que las mujeres. [Fuentes: Mensink et al., 2013; EFSA, 2015]<\/p>\n<p><i>*Adem\u00e1s de una dieta saludable y equilibrada y un estilo de vida activo.<\/i><\/p>\n<\/div>\n<h5 data-bind=\"visible: Usage\">Utilizaci\u00f3n<\/h5>\n<div class=\"disc\" data-bind=\"visible: Usage, html: Usage\">\n<p>Uso recomendado: Tomar de 1 a 2 tabletas al d\u00eda junto a las comidas. Utilizar este producto en el marco de una dieta variada y equilibrada, como parte de un estilo de vida activo y saludable.<br \/>\nConservar el producto bien cerrado y en lugar fresco y seco.<\/p>\n<\/div>\n","protected":false},"excerpt":{"rendered":"<p>El complejo multivitam\u00ednico Herbalife contiene m\u00e1s de 15 vitaminas y minerales para ayudarle a alcanzar la CDR (Cantidad Diaria Recomendada)<\/p>\n","protected":false},"featured_media":98,"comment_status":"open","ping_status":"closed","template":"","meta":{"_eb_attr":"","_kad_post_transparent":"default","_kad_post_title":"","_kad_post_layout":"default","_kad_post_sidebar_id":"","_kad_post_content_style":"default","_kad_post_vertical_padding":"default","_kad_post_feature":"","_kad_post_feature_position":"","_kad_post_header":false,"_kad_post_footer":false},"product_brand":[],"product_cat":[17],"product_tag":[19],"class_list":{"0":"post-97","1":"product","2":"type-product","3":"status-publish","4":"has-post-thumbnail","6":"product_cat-suplementos-dieteticos","7":"product_tag-herbalife","9":"first","10":"instock","11":"taxable","12":"shipping-taxable","13":"purchasable","14":"product-type-simple","15":"entry","16":"content-bg","17":"loop-entry"},"_links":{"self":[{"href":"https:\/\/nutritioninteligent.com\/index.php\/wp-json\/wp\/v2\/product\/97","targetHints":{"allow":["GET"]}}],"collection":[{"href":"https:\/\/nutritioninteligent.com\/index.php\/wp-json\/wp\/v2\/product"}],"about":[{"href":"https:\/\/nutritioninteligent.com\/index.php\/wp-json\/wp\/v2\/types\/product"}],"replies":[{"embeddable":true,"href":"https:\/\/nutritioninteligent.com\/index.php\/wp-json\/wp\/v2\/comments?post=97"}],"wp:featuredmedia":[{"embeddable":true,"href":"https:\/\/nutritioninteligent.com\/index.php\/wp-json\/wp\/v2\/media\/98"}],"wp:attachment":[{"href":"https:\/\/nutritioninteligent.com\/index.php\/wp-json\/wp\/v2\/media?parent=97"}],"wp:term":[{"taxonomy":"product_brand","embeddable":true,"href":"https:\/\/nutritioninteligent.com\/index.php\/wp-json\/wp\/v2\/product_brand?post=97"},{"taxonomy":"product_cat","embeddable":true,"href":"https:\/\/nutritioninteligent.com\/index.php\/wp-json\/wp\/v2\/product_cat?post=97"},{"taxonomy":"product_tag","embeddable":true,"href":"https:\/\/nutritioninteligent.com\/index.php\/wp-json\/wp\/v2\/product_tag?post=97"}],"curies":[{"name":"wp","href":"https:\/\/api.w.org\/{rel}","templated":true}]}}