{"id":99,"date":"2024-07-28T08:45:11","date_gmt":"2024-07-28T08:45:11","guid":{"rendered":"https:\/\/nutritioninteligent.com\/?post_type=product&#038;p=99"},"modified":"2026-01-27T14:52:55","modified_gmt":"2026-01-27T14:52:55","slug":"formula-2-complejo-de-vitaminas-y-minerales-para-mujer","status":"publish","type":"product","link":"https:\/\/nutritioninteligent.com\/index.php\/product\/formula-2-complejo-de-vitaminas-y-minerales-para-mujer\/","title":{"rendered":"F\u00f3rmula 2 Complejo de vitaminas y minerales para mujer"},"content":{"rendered":"<p class=\"overview disc\" data-bind=\"html: Overview, visible: Overview\">oma el F\u00f3rmula 2 Complejo de vitaminas y minerales, una forma sencilla de darle a tu organismo la ayuda que necesita con 24 nutrientes. Contiene vitaminas y minerales esenciales en su correcta cantidad para alcanzar las necesidades diarias de nutrientes de la mujer.<\/p>\n<h5 data-bind=\"visible: KeyBenefits\">Principales beneficios<\/h5>\n<div class=\"disc\" data-bind=\"visible: KeyBenefits, html: KeyBenefits\">\n<ul>\n<li>Desarrollado en espec\u00edfico para las necesidades nutricionales de la mujer<\/li>\n<li>Proporciona una cantidad \u00f3ptima de vitaminas y minerales que tu organismo necesita<\/li>\n<li>71 alegaciones europeas autorizadas<\/li>\n<li>Formulado por expertos en nutrici\u00f3n y respaldado por la ciencia<\/li>\n<li>T\u00f3malo junto a tu batido favorito F\u00f3rmula 1<\/li>\n<li>Contiene vitamina B6 que ayuda a regular la actividad hormonal<\/li>\n<li>Contiene vitamina B12 contribuye al metabolismo energ\u00e9tico normal<\/li>\n<li>Contiene calcio que es necesario para el mantenimiento de los huesos en condiciones normales<\/li>\n<li>El zinc contribuye al mantenimiento de la piel, cabello y u\u00f1as en condiciones normales<\/li>\n<\/ul>\n<\/div>\n<h5 data-bind=\"visible: FastFacts\">Datos resumidos<\/h5>\n<div class=\"disc\" data-bind=\"visible: FastFacts, html: FastFacts\">\n<p><strong>\u00bfPor qu\u00e9 es importante tomar un complemento alimenticio de multivitaminas de forma regular?<\/strong><\/p>\n<p>Los micronutrientes tienen un papel importante en los procesos que ocurren en el organismo y que afectan en nuestro bienestar.<\/p>\n<p>Porque mucha gente no toma las cantidades diarias recomendadas y un complemento alimenticio puede ayudar a conseguirlo.* [Fuente: Troesch et al., 2012]<\/p>\n<p><strong>\u00bfPor qu\u00e9 es importante tomar un multivitam\u00ednico espec\u00edfico para el g\u00e9nero?<\/strong><\/p>\n<p>Las mujeres tienen diferente tama\u00f1o corporal, metabolismo y fisiolog\u00eda, con lo que necesitan diferentes niveles de vitaminas y minerales para su bienestar.<\/p>\n<p>Por ejemplo: dependiendo del pa\u00eds, el 60% de las mujeres no toman el suficiente calcio y el calcio contribuye al mantenimiento de los huesos en condiciones normales. [Fuentes: Mensink et al., 2013; EFSA, 2009]<\/p>\n<p><em>*Adem\u00e1s de una dieta saludable y equilibrada y un estilo de vida activo.<\/em><\/p>\n<\/div>\n<p>&nbsp;<\/p>\n<p style=\"text-align: right;\"><img loading=\"lazy\" decoding=\"async\" class=\"alignnone size-medium wp-image-100 aligncenter\" src=\"https:\/\/nutritioninteligent.com\/wp-content\/uploads\/2024\/07\/f2-mujer-opcion-300x300.jpeg\" alt=\"\" width=\"300\" height=\"300\" srcset=\"https:\/\/nutritioninteligent.com\/wp-content\/uploads\/2024\/07\/f2-mujer-opcion-300x300.jpeg 300w, https:\/\/nutritioninteligent.com\/wp-content\/uploads\/2024\/07\/f2-mujer-opcion-150x150.jpeg 150w, https:\/\/nutritioninteligent.com\/wp-content\/uploads\/2024\/07\/f2-mujer-opcion-768x768.jpeg 768w, https:\/\/nutritioninteligent.com\/wp-content\/uploads\/2024\/07\/f2-mujer-opcion-600x600.jpeg 600w, https:\/\/nutritioninteligent.com\/wp-content\/uploads\/2024\/07\/f2-mujer-opcion-100x100.jpeg 100w, https:\/\/nutritioninteligent.com\/wp-content\/uploads\/2024\/07\/f2-mujer-opcion-64x64.jpeg 64w, https:\/\/nutritioninteligent.com\/wp-content\/uploads\/2024\/07\/f2-mujer-opcion.jpeg 800w\" sizes=\"auto, (max-width: 300px) 100vw, 300px\" \/><\/p>\n<h5 data-bind=\"visible: Usage\">Utilizaci\u00f3n<\/h5>\n<div class=\"disc\" data-bind=\"visible: Usage, html: Usage\">\n<p>Uso recomendado: Tomar de 1 a 2 tabletas al d\u00eda junto a las comidas. Utilizar este producto en el marco de una dieta variada y equilibrada, como parte de un estilo de vida activo y saludable.<br \/>\nConservar el producto bien cerrado y en lugar fresco y seco.<\/p>\n<\/div>\n","protected":false},"excerpt":{"rendered":"<p>El complejo multivitam\u00ednico Herbalife contiene m\u00e1s de 15 vitaminas y minerales para ayudarle a alcanzar la CDR (Cantidad Diaria Recomendada).<\/p>\n","protected":false},"featured_media":101,"comment_status":"open","ping_status":"closed","template":"","meta":{"_eb_attr":"","_kad_post_transparent":"default","_kad_post_title":"","_kad_post_layout":"default","_kad_post_sidebar_id":"","_kad_post_content_style":"default","_kad_post_vertical_padding":"default","_kad_post_feature":"","_kad_post_feature_position":"","_kad_post_header":false,"_kad_post_footer":false},"product_brand":[],"product_cat":[17],"product_tag":[19],"class_list":{"0":"post-99","1":"product","2":"type-product","3":"status-publish","4":"has-post-thumbnail","6":"product_cat-suplementos-dieteticos","7":"product_tag-herbalife","9":"first","10":"instock","11":"taxable","12":"shipping-taxable","13":"purchasable","14":"product-type-simple","15":"entry","16":"content-bg","17":"loop-entry"},"_links":{"self":[{"href":"https:\/\/nutritioninteligent.com\/index.php\/wp-json\/wp\/v2\/product\/99","targetHints":{"allow":["GET"]}}],"collection":[{"href":"https:\/\/nutritioninteligent.com\/index.php\/wp-json\/wp\/v2\/product"}],"about":[{"href":"https:\/\/nutritioninteligent.com\/index.php\/wp-json\/wp\/v2\/types\/product"}],"replies":[{"embeddable":true,"href":"https:\/\/nutritioninteligent.com\/index.php\/wp-json\/wp\/v2\/comments?post=99"}],"wp:featuredmedia":[{"embeddable":true,"href":"https:\/\/nutritioninteligent.com\/index.php\/wp-json\/wp\/v2\/media\/101"}],"wp:attachment":[{"href":"https:\/\/nutritioninteligent.com\/index.php\/wp-json\/wp\/v2\/media?parent=99"}],"wp:term":[{"taxonomy":"product_brand","embeddable":true,"href":"https:\/\/nutritioninteligent.com\/index.php\/wp-json\/wp\/v2\/product_brand?post=99"},{"taxonomy":"product_cat","embeddable":true,"href":"https:\/\/nutritioninteligent.com\/index.php\/wp-json\/wp\/v2\/product_cat?post=99"},{"taxonomy":"product_tag","embeddable":true,"href":"https:\/\/nutritioninteligent.com\/index.php\/wp-json\/wp\/v2\/product_tag?post=99"}],"curies":[{"name":"wp","href":"https:\/\/api.w.org\/{rel}","templated":true}]}}